{"id":36,"date":"2018-10-07T18:39:25","date_gmt":"2018-10-07T18:39:25","guid":{"rendered":"https:\/\/centine.cl\/site\/?page_id=36"},"modified":"2018-10-07T20:09:11","modified_gmt":"2018-10-07T20:09:11","slug":"nuestra-experiencia","status":"publish","type":"page","link":"https:\/\/www.centine.cl\/site\/nuestra-experiencia\/","title":{"rendered":"Nuestra Experiencia"},"content":{"rendered":"<ul>\n<li>Construcci\u00f3n, Pruebas y Puestas en Servicio de Instalaciones El\u00e9ctricas en Baja, Media y Alta tensi\u00f3n.<\/li>\n<li>Montaje de Equipos El\u00e9ctricos e Industriales.<\/li>\n<li>Montaje de Subestaciones y L\u00edneas de Transmisi\u00f3n hasta 220 KV.<\/li>\n<li>Cubicaci\u00f3n y Confecci\u00f3n de Presupuesto de Obras, para Subestaci\u00f3n El\u00e9ctrica de Alta Tensi\u00f3n de EMEL.<\/li>\n<li>Cableado, Alambrado y Conexionado de Sistema de Control en S\/E San Luis de 220 kV de Colb\u00fan, para Siemens.<\/li>\n<li>Montaje y Puesta en Servicio de Sistema Registrador de fallas en Minera Andina.<\/li>\n<li>Interconexi\u00f3n de SE Antilhue con SE Sistema 220 kV Transelec.<\/li>\n<\/ul>\n<p>\u00a0<\/p>\n\n\n<div class=\"wp-block-image\"><figure class=\"aligncenter\"><img loading=\"lazy\" width=\"480\" height=\"360\" src=\"https:\/\/centine.cl\/site\/wp-content\/uploads\/2018\/10\/1.jpg\" alt=\"\" class=\"wp-image-112\" srcset=\"https:\/\/www.centine.cl\/site\/wp-content\/uploads\/2018\/10\/1.jpg 480w, https:\/\/www.centine.cl\/site\/wp-content\/uploads\/2018\/10\/1-300x225.jpg 300w\" sizes=\"(max-width: 480px) 100vw, 480px\" \/><\/figure><\/div>\n\n\n\n<ul><li>Puesta en servicio del sistema Costanera Norte, consistente en 6 Subestaciones de Poder y 11 Salas El\u00e9ctricas, para Costanera Norte.<\/li><li>Proyecto El\u00e9ctrico e Iluminaci\u00f3n Plaza Santo Domingo, La Serena<\/li><li>Remodelaci\u00f3n Instalaciones El\u00e9ctricas, Sonido y Marcador Electr\u00f3nico del Estadio La Portada, La Serena.<\/li><li>Construcciones en Obra Civiles en todas las comunas de Santiago para VTR a trav\u00e9s de Araucana.<\/li><li>Construcci\u00f3n de C\u00e1mara de diferentes modelos, cruce calzada en Asfalto y Hormig\u00f3n en diferentes espesores.<\/li><li>Obras Civiles y El\u00e9ctricas para Chilquinta.<\/li><li>Obra Civiles para Telmex a trav\u00e9s de Ingecom. En calle el Roble la Florida y Blanco Garc\u00e9s comuna de Estaci\u00f3n Central.<\/li><li>Instalaciones de poste diferentes medidas, instalaci\u00f3n de rieles, instalaciones de c\u00e1maras pre-fabricadas.<\/li><li>Instalaci\u00f3n y tendido de cable coaxial de 500, 750 y tendido de fibra de distintas medidas para Ingecom.<\/li><\/ul>\n","protected":false},"excerpt":{"rendered":"<p>Construcci\u00f3n, Pruebas y Puestas en Servicio de Instalaciones El\u00e9ctricas en Baja, Media y Alta tensi\u00f3n. Montaje de Equipos El\u00e9ctricos e Industriales. Montaje de Subestaciones y L\u00edneas de Transmisi\u00f3n hasta 220 KV. Cubicaci\u00f3n y Confecci\u00f3n de Presupuesto de Obras, para Subestaci\u00f3n El\u00e9ctrica de Alta Tensi\u00f3n de EMEL. Cableado, Alambrado y Conexionado de Sistema de Control en<\/p><\/div>\n<div class=\"blog-btn\"><a href=\"https:\/\/www.centine.cl\/site\/nuestra-experiencia\/\" class=\"home-blog-btn\">Leer m\u00e1s<\/a><\/p>\n","protected":false},"author":1,"featured_media":0,"parent":0,"menu_order":0,"comment_status":"closed","ping_status":"closed","template":"","meta":[],"_links":{"self":[{"href":"https:\/\/www.centine.cl\/site\/wp-json\/wp\/v2\/pages\/36"}],"collection":[{"href":"https:\/\/www.centine.cl\/site\/wp-json\/wp\/v2\/pages"}],"about":[{"href":"https:\/\/www.centine.cl\/site\/wp-json\/wp\/v2\/types\/page"}],"author":[{"embeddable":true,"href":"https:\/\/www.centine.cl\/site\/wp-json\/wp\/v2\/users\/1"}],"replies":[{"embeddable":true,"href":"https:\/\/www.centine.cl\/site\/wp-json\/wp\/v2\/comments?post=36"}],"version-history":[{"count":3,"href":"https:\/\/www.centine.cl\/site\/wp-json\/wp\/v2\/pages\/36\/revisions"}],"predecessor-version":[{"id":114,"href":"https:\/\/www.centine.cl\/site\/wp-json\/wp\/v2\/pages\/36\/revisions\/114"}],"wp:attachment":[{"href":"https:\/\/www.centine.cl\/site\/wp-json\/wp\/v2\/media?parent=36"}],"curies":[{"name":"wp","href":"https:\/\/api.w.org\/{rel}","templated":true}]}}