{"id":2,"date":"2018-10-07T17:47:13","date_gmt":"2018-10-07T17:47:13","guid":{"rendered":"https:\/\/centine.cl\/site\/?page_id=2"},"modified":"2020-09-25T16:13:50","modified_gmt":"2020-09-25T16:13:50","slug":"sample-page","status":"publish","type":"page","link":"https:\/\/www.centine.cl\/site\/","title":{"rendered":"Visi\u00f3n"},"content":{"rendered":"<p>Ser una Empresa l\u00edder a nivel nacional en las \u00e1reas de lineas energizadas, construcci\u00f3n y mantenimiento del sistema el\u00e9ctrico de media y baja tensi\u00f3n, manteniendo una excelencia y reconocimiento, realizando una gesti\u00f3n \u00e9tica y responsable, garantizando la calidad de servicio, la seguridad de nuestros trabajadores y el cuidado del medio ambiente.<\/p>\n\n\n<hr class=\"wp-block-separator\"\/>\n\n\n\n<div class=\"wp-block-columns has-2-columns\">\n<div class=\"wp-block-column\">\n<p><strong>Obras&nbsp;Civiles<\/strong><\/p>\n\n\n\n<ul><li>C\u00e1maras y Bodegas.<\/li><li>Canalizaci\u00f3n y Ductos.<\/li><li>Mantenimiento de Obra.<\/li><li>Reposici\u00f3n de pavimento<\/li><\/ul>\n<\/div>\n\n\n\n<div class=\"wp-block-column\">\n<p>&nbsp;<\/p>\n\n\n\n<figure class=\"wp-block-image\"><img loading=\"lazy\" width=\"300\" height=\"225\" src=\"https:\/\/centine.cl\/site\/wp-content\/uploads\/2018\/10\/14-300x225.jpg\" alt=\"\" class=\"wp-image-106\" srcset=\"https:\/\/www.centine.cl\/site\/wp-content\/uploads\/2018\/10\/14-300x225.jpg 300w, https:\/\/www.centine.cl\/site\/wp-content\/uploads\/2018\/10\/14.jpg 400w\" sizes=\"(max-width: 300px) 100vw, 300px\" \/><\/figure>\n<\/div>\n<\/div>\n\n\n\n<hr class=\"wp-block-separator\"\/>\n\n\n\n<div class=\"wp-block-columns has-2-columns\">\n<div class=\"wp-block-column\">\n<p><strong>Telecomunicaciones<\/strong><\/p>\n\n\n\n<ul><li>Instalaci\u00f3n y tendido de cable coaxial de 500, 750.<\/li><li>Tendido de fibra de distintas medidas .<\/li><\/ul>\n<\/div>\n\n\n\n<div class=\"wp-block-column\">\n<p>&nbsp;<\/p>\n\n\n\n<figure class=\"wp-block-image\"><img loading=\"lazy\" width=\"300\" height=\"225\" src=\"https:\/\/centine.cl\/site\/wp-content\/uploads\/2018\/10\/15-300x225.jpg\" alt=\"\" class=\"wp-image-105\" srcset=\"https:\/\/www.centine.cl\/site\/wp-content\/uploads\/2018\/10\/15-300x225.jpg 300w, https:\/\/www.centine.cl\/site\/wp-content\/uploads\/2018\/10\/15.jpg 400w\" sizes=\"(max-width: 300px) 100vw, 300px\" \/><\/figure>\n\n\n\n<p><\/p>\n<\/div>\n<\/div>\n\n\n\n<hr class=\"wp-block-separator\"\/>\n\n\n\n<div class=\"wp-block-columns has-2-columns\">\n<div class=\"wp-block-column\">\n<p><strong>Ingenier\u00eda El\u00e9ctrica<\/strong><\/p>\n\n\n\n<ul><li>L\u00edneas Energizadas.<\/li><li>Servicio de Emergencia.<\/li><li>Medidas El\u00e9ctricas.<\/li><li>Operaciones A\u00e9reas.<\/li><\/ul>\n<\/div>\n\n\n\n<div class=\"wp-block-column\">\n<p>&nbsp;<\/p>\n\n\n\n<figure class=\"wp-block-image\"><img loading=\"lazy\" width=\"300\" height=\"225\" src=\"https:\/\/centine.cl\/site\/wp-content\/uploads\/2018\/10\/4-300x225.jpg\" alt=\"\" class=\"wp-image-104\" srcset=\"https:\/\/www.centine.cl\/site\/wp-content\/uploads\/2018\/10\/4-300x225.jpg 300w, https:\/\/www.centine.cl\/site\/wp-content\/uploads\/2018\/10\/4.jpg 480w\" sizes=\"(max-width: 300px) 100vw, 300px\" \/><\/figure>\n<\/div>\n<\/div>\n","protected":false},"excerpt":{"rendered":"<p>Ser una Empresa l\u00edder a nivel nacional en las \u00e1reas de lineas energizadas, construcci\u00f3n y mantenimiento del sistema el\u00e9ctrico de media y baja tensi\u00f3n, manteniendo una excelencia y reconocimiento, realizando una gesti\u00f3n \u00e9tica y responsable, garantizando la calidad de servicio, la seguridad de nuestros trabajadores y el cuidado del medio ambiente. Obras&nbsp;Civiles C\u00e1maras y Bodegas.<\/p><\/div>\n<div class=\"blog-btn\"><a href=\"https:\/\/www.centine.cl\/site\/\" class=\"home-blog-btn\">Leer m\u00e1s<\/a><\/p>\n","protected":false},"author":1,"featured_media":0,"parent":0,"menu_order":0,"comment_status":"closed","ping_status":"open","template":"templates\/template-page-full-width.php","meta":[],"_links":{"self":[{"href":"https:\/\/www.centine.cl\/site\/wp-json\/wp\/v2\/pages\/2"}],"collection":[{"href":"https:\/\/www.centine.cl\/site\/wp-json\/wp\/v2\/pages"}],"about":[{"href":"https:\/\/www.centine.cl\/site\/wp-json\/wp\/v2\/types\/page"}],"author":[{"embeddable":true,"href":"https:\/\/www.centine.cl\/site\/wp-json\/wp\/v2\/users\/1"}],"replies":[{"embeddable":true,"href":"https:\/\/www.centine.cl\/site\/wp-json\/wp\/v2\/comments?post=2"}],"version-history":[{"count":34,"href":"https:\/\/www.centine.cl\/site\/wp-json\/wp\/v2\/pages\/2\/revisions"}],"predecessor-version":[{"id":465,"href":"https:\/\/www.centine.cl\/site\/wp-json\/wp\/v2\/pages\/2\/revisions\/465"}],"wp:attachment":[{"href":"https:\/\/www.centine.cl\/site\/wp-json\/wp\/v2\/media?parent=2"}],"curies":[{"name":"wp","href":"https:\/\/api.w.org\/{rel}","templated":true}]}}